{"id":165,"date":"2023-09-07T04:51:30","date_gmt":"2023-09-07T04:51:30","guid":{"rendered":"https:\/\/duyanhwebtt.click\/?page_id=165"},"modified":"2024-11-26T10:22:17","modified_gmt":"2024-11-26T10:22:17","slug":"gioi-thieu-passedu","status":"publish","type":"page","link":"https:\/\/passedu.vn\/en\/gioi-thieu-passedu","title":{"rendered":"ABOUT US"},"content":{"rendered":"<section class=\"section\" id=\"section_1310017387\">\n\t\t<div class=\"bg section-bg fill bg-fill  bg-loaded\" >\n\n\t\t\t\n\t\t\t\n\t\t\t\n\n\t\t<\/div>\n\n\t\t\n\n\t\t<div class=\"section-content relative\">\n\t\t\t\n\n  <div class=\"banner has-hover\" id=\"banner-1511253428\">\n          <div class=\"banner-inner fill\">\n        <div class=\"banner-bg fill\" >\n            <div class=\"bg fill bg-fill\"><\/div>\n                                    \n                    <\/div>\n\t\t\n        <div class=\"banner-layers container\">\n            <div class=\"fill banner-link\"><\/div>            \n   <div id=\"text-box-1898752619\" class=\"text-box banner-layer x50 md-x50 lg-x50 y50 md-y50 lg-y50 res-text\">\n                                <div class=\"text-box-content text dark\">\n              \n              <div class=\"text-inner text-center\">\n                  \n              <\/div>\n           <\/div>\n                            \n<style>\n#text-box-1898752619 {\n  width: 60%;\n}\n#text-box-1898752619 .text-box-content {\n  font-size: 100%;\n}\n@media (min-width:550px) {\n  #text-box-1898752619 {\n    width: 60%;\n  }\n}\n<\/style>\n    <\/div>\n \n        <\/div>\n      <\/div>\n\n            \n<style>\n#banner-1511253428 {\n  padding-top: 20%;\n}\n#banner-1511253428 .bg.bg-loaded {\n  background-image: url(https:\/\/passedu.vn\/wp-content\/uploads\/2023\/10\/baim-hanif-pYWuOMhtc6k-unsplash.jpg);\n}\n#banner-1511253428 .ux-shape-divider--top svg {\n  height: 150px;\n  --divider-top-width: 100%;\n}\n#banner-1511253428 .ux-shape-divider--bottom svg {\n  height: 150px;\n  --divider-width: 100%;\n}\n<\/style>\n  <\/div>\n\n\n<div class=\"row\"  id=\"row-1104776709\">\n\n\t<div id=\"col-754635444\" class=\"col medium-6 small-12 large-6\"  >\n\t\t\t\t<div class=\"col-inner\"  >\n\t\t\t\n\t\t\t\n\t<div class=\"img has-hover x md-x lg-x y md-y lg-y\" id=\"image_37448838\">\n\t\t\t\t\t\t\t\t<div class=\"img-inner dark\" >\n\t\t\t<img loading=\"lazy\" decoding=\"async\" width=\"2084\" height=\"2085\" src=\"https:\/\/passedu.vn\/wp-content\/uploads\/2024\/11\/PASSEDU-01.jpg\" class=\"attachment-original size-original\" alt=\"PASSEDU\" srcset=\"https:\/\/passedu.vn\/wp-content\/uploads\/2024\/11\/PASSEDU-01.jpg 2084w, https:\/\/passedu.vn\/wp-content\/uploads\/2024\/11\/PASSEDU-01-768x768.jpg 768w, https:\/\/passedu.vn\/wp-content\/uploads\/2024\/11\/PASSEDU-01-1536x1536.jpg 1536w, https:\/\/passedu.vn\/wp-content\/uploads\/2024\/11\/PASSEDU-01-2048x2048.jpg 2048w, https:\/\/passedu.vn\/wp-content\/uploads\/2024\/11\/PASSEDU-01-150x150.jpg 150w, https:\/\/passedu.vn\/wp-content\/uploads\/2024\/11\/PASSEDU-01-510x510.jpg 510w, https:\/\/passedu.vn\/wp-content\/uploads\/2024\/11\/PASSEDU-01-100x100.jpg 100w\" sizes=\"auto, (max-width: 2084px) 100vw, 2084px\" \/>\t\t\t\t\t\t\n\t\t\t\t\t<\/div>\n\t\t\t\t\t\t\t\t\n<style>\n#image_37448838 {\n  width: 100%;\n}\n<\/style>\n\t<\/div>\n\t\n\t\t<\/div>\n\t\t\t\t\t<\/div>\n\n\t\n\n\t<div id=\"col-1416847910\" class=\"col medium-6 small-12 large-6\"  >\n\t\t\t\t<div class=\"col-inner\"  >\n\t\t\t\n\t\t\t\n<div class=\"About-title flex items-center justify-center wow animate__ animate__fadeInUp animated\">\n<h1 style=\"text-align: center;\">ABOUT PASSEDU\u00a0<\/h1>\n<\/div>\n<div class=\"About-description\">\n<div class=\"About-description\">\n<p dir=\"ltr\">PASSEDU was founded in 2020 by experts with many years of experience in study abroad consulting, international cooperation, and training. With the slogan \u201cTogether with you to conquer the world\u201d, PASSEDU is proud to be your companion in helping Vietnamese students realize their dream of studying abroad.\u00a0<\/p>\n<\/div>\n<\/div>\n\t\t<\/div>\n\t\t\t\t\t<\/div>\n\n\t\n<\/div>\n<div class=\"row\"  id=\"row-987681499\">\n\n\t<div id=\"col-2114990521\" class=\"col small-12 large-12\"  >\n\t\t\t\t<div class=\"col-inner\"  >\n\t\t\t\n\t\t\t\n<h2 style=\"text-align: center;\">CORE VALUES<\/h2>\n<div class=\"row\"  id=\"row-829869179\">\n\n\t<div id=\"col-812547818\" class=\"col medium-3 small-12 large-3\"  >\n\t\t\t\t<div class=\"col-inner\"  >\n\t\t\t\n\t\t\t\n\t<div class=\"box has-hover   has-hover box-text-bottom\" >\n\n\t\t<div class=\"box-image\" >\n\t\t\t\t\t\t<div class=\"\" >\n\t\t\t\t<img loading=\"lazy\" decoding=\"async\" width=\"2048\" height=\"1365\" src=\"https:\/\/passedu.vn\/wp-content\/uploads\/2023\/09\/107398637_309279640481698_7488033645490765214_n.jpg\" class=\"attachment-original size-original\" alt=\"Passedu\" srcset=\"https:\/\/passedu.vn\/wp-content\/uploads\/2023\/09\/107398637_309279640481698_7488033645490765214_n.jpg 2048w, https:\/\/passedu.vn\/wp-content\/uploads\/2023\/09\/107398637_309279640481698_7488033645490765214_n-768x512.jpg 768w, https:\/\/passedu.vn\/wp-content\/uploads\/2023\/09\/107398637_309279640481698_7488033645490765214_n-1536x1024.jpg 1536w, https:\/\/passedu.vn\/wp-content\/uploads\/2023\/09\/107398637_309279640481698_7488033645490765214_n-510x340.jpg 510w\" sizes=\"auto, (max-width: 2048px) 100vw, 2048px\" \/>\t\t\t\t\t\t\t\t\t\t\t<\/div>\n\t\t\t\t\t<\/div>\n\n\t\t<div class=\"box-text text-center\" >\n\t\t\t<div class=\"box-text-inner\">\n\t\t\t\t\n<h4>Accuracy and suitability<\/h4>\n\t\t\t<\/div>\n\t\t<\/div>\n\t<\/div>\n\t\n\t\t<\/div>\n\t\t\t\t\t<\/div>\n\n\t\n\n\t<div id=\"col-2138718479\" class=\"col medium-3 small-12 large-3\"  >\n\t\t\t\t<div class=\"col-inner\"  >\n\t\t\t\n\t\t\t\n\t<div class=\"box has-hover   has-hover box-text-bottom\" >\n\n\t\t<div class=\"box-image\" >\n\t\t\t\t\t\t<div class=\"\" >\n\t\t\t\t<img loading=\"lazy\" decoding=\"async\" width=\"2048\" height=\"1365\" src=\"https:\/\/passedu.vn\/wp-content\/uploads\/2023\/09\/107587504_309279587148370_8258516812469362409_n.jpg\" class=\"attachment-original size-original\" alt=\"Du h\u1ecdc PASSEDU\" srcset=\"https:\/\/passedu.vn\/wp-content\/uploads\/2023\/09\/107587504_309279587148370_8258516812469362409_n.jpg 2048w, https:\/\/passedu.vn\/wp-content\/uploads\/2023\/09\/107587504_309279587148370_8258516812469362409_n-768x512.jpg 768w, https:\/\/passedu.vn\/wp-content\/uploads\/2023\/09\/107587504_309279587148370_8258516812469362409_n-1536x1024.jpg 1536w, https:\/\/passedu.vn\/wp-content\/uploads\/2023\/09\/107587504_309279587148370_8258516812469362409_n-510x340.jpg 510w\" sizes=\"auto, (max-width: 2048px) 100vw, 2048px\" \/>\t\t\t\t\t\t\t\t\t\t\t<\/div>\n\t\t\t\t\t<\/div>\n\n\t\t<div class=\"box-text text-center\" >\n\t\t\t<div class=\"box-text-inner\">\n\t\t\t\t\n<h4>Integrity and comprehensiveness<\/h4>\n\t\t\t<\/div>\n\t\t<\/div>\n\t<\/div>\n\t\n\t\t<\/div>\n\t\t\t\t\t<\/div>\n\n\t\n\n\t<div id=\"col-44589494\" class=\"col medium-3 small-12 large-3\"  >\n\t\t\t\t<div class=\"col-inner\"  >\n\t\t\t\n\t\t\t\n\t<div class=\"box has-hover   has-hover box-text-bottom\" >\n\n\t\t<div class=\"box-image\" >\n\t\t\t\t\t\t<div class=\"\" >\n\t\t\t\t<img loading=\"lazy\" decoding=\"async\" width=\"2048\" height=\"1365\" src=\"https:\/\/passedu.vn\/wp-content\/uploads\/2023\/09\/109051194_309279557148373_3783804797079255578_n.jpg\" class=\"attachment-original size-original\" alt=\"Du h\u1ecdc PASSEDU\" srcset=\"https:\/\/passedu.vn\/wp-content\/uploads\/2023\/09\/109051194_309279557148373_3783804797079255578_n.jpg 2048w, https:\/\/passedu.vn\/wp-content\/uploads\/2023\/09\/109051194_309279557148373_3783804797079255578_n-768x512.jpg 768w, https:\/\/passedu.vn\/wp-content\/uploads\/2023\/09\/109051194_309279557148373_3783804797079255578_n-1536x1024.jpg 1536w, https:\/\/passedu.vn\/wp-content\/uploads\/2023\/09\/109051194_309279557148373_3783804797079255578_n-510x340.jpg 510w\" sizes=\"auto, (max-width: 2048px) 100vw, 2048px\" \/>\t\t\t\t\t\t\t\t\t\t\t<\/div>\n\t\t\t\t\t<\/div>\n\n\t\t<div class=\"box-text text-center\" >\n\t\t\t<div class=\"box-text-inner\">\n\t\t\t\t\n<h4>Trust and ethics<\/h4>\n\t\t\t<\/div>\n\t\t<\/div>\n\t<\/div>\n\t\n\t\t<\/div>\n\t\t\t\t\t<\/div>\n\n\t\n\n\t<div id=\"col-436252872\" class=\"col medium-3 small-12 large-3\"  >\n\t\t\t\t<div class=\"col-inner\"  >\n\t\t\t\n\t\t\t\n\t<div class=\"box has-hover   has-hover box-text-bottom\" >\n\n\t\t<div class=\"box-image\" >\n\t\t\t\t\t\t<div class=\"\" >\n\t\t\t\t<img loading=\"lazy\" decoding=\"async\" width=\"2048\" height=\"1365\" src=\"https:\/\/passedu.vn\/wp-content\/uploads\/2023\/09\/109051194_309279557148373_3783804797079255578_n.jpg\" class=\"attachment-original size-original\" alt=\"Du h\u1ecdc PASSEDU\" srcset=\"https:\/\/passedu.vn\/wp-content\/uploads\/2023\/09\/109051194_309279557148373_3783804797079255578_n.jpg 2048w, https:\/\/passedu.vn\/wp-content\/uploads\/2023\/09\/109051194_309279557148373_3783804797079255578_n-768x512.jpg 768w, https:\/\/passedu.vn\/wp-content\/uploads\/2023\/09\/109051194_309279557148373_3783804797079255578_n-1536x1024.jpg 1536w, https:\/\/passedu.vn\/wp-content\/uploads\/2023\/09\/109051194_309279557148373_3783804797079255578_n-510x340.jpg 510w\" sizes=\"auto, (max-width: 2048px) 100vw, 2048px\" \/>\t\t\t\t\t\t\t\t\t\t\t<\/div>\n\t\t\t\t\t<\/div>\n\n\t\t<div class=\"box-text text-center\" >\n\t\t\t<div class=\"box-text-inner\">\n\t\t\t\t\n<h4>Professionalism and consistency<\/h4>\n\t\t\t<\/div>\n\t\t<\/div>\n\t<\/div>\n\t\n\t\t<\/div>\n\t\t\t\t\t<\/div>\n\n\t\n<\/div>\n\t\t<\/div>\n\t\t\t\t\t<\/div>\n\n\t\n<\/div>\n\t\t<\/div>\n\n\t\t\n<style>\n#section_1310017387 {\n  padding-top: 0px;\n  padding-bottom: 0px;\n}\n#section_1310017387 .ux-shape-divider--top svg {\n  height: 150px;\n  --divider-top-width: 100%;\n}\n#section_1310017387 .ux-shape-divider--bottom svg {\n  height: 150px;\n  --divider-width: 100%;\n}\n<\/style>\n\t<\/section>\n\t\n\t<section class=\"section\" id=\"section_782478858\">\n\t\t<div class=\"bg section-bg fill bg-fill  bg-loaded\" >\n\n\t\t\t\n\t\t\t\n\t\t\t\n\n\t\t<\/div>\n\n\t\t\n\n\t\t<div class=\"section-content relative\">\n\t\t\t\n<div class=\"row\"  id=\"row-279384856\">\n\n\t<div id=\"col-433915069\" class=\"col small-12 large-12\"  >\n\t\t\t\t<div class=\"col-inner\"  >\n\t\t\t\n\t\t\t\n<div class=\"Vision-title flex items-center justify-center\">\n<h2 style=\"text-align: center;\">VISION<\/h2>\n<\/div>\n<p class=\"Vision-description\">\u00a0<\/p>\n<p style=\"text-align: center;\">\u00a0<span class=\"fontstyle0\">PASSEDU aims to become a leading provider of optimal and<br \/>comprehensive solutions in the field of education for Vietnamese<br \/>students and partners.<\/span><\/p>\n\t\t<\/div>\n\t\t\t\t\t<\/div>\n\n\t\n<\/div>\n\t\t<\/div>\n\n\t\t\n<style>\n#section_782478858 {\n  padding-top: 50px;\n  padding-bottom: 50px;\n  background-color: rgb(250, 212, 0);\n}\n#section_782478858 .ux-shape-divider--top svg {\n  height: 150px;\n  --divider-top-width: 100%;\n}\n#section_782478858 .ux-shape-divider--bottom svg {\n  height: 150px;\n  --divider-width: 100%;\n}\n<\/style>\n\t<\/section>\n\t\n\t<section class=\"section\" id=\"section_1094393350\">\n\t\t<div class=\"bg section-bg fill bg-fill  bg-loaded\" >\n\n\t\t\t\n\t\t\t\n\t\t\t\n\n\t\t<\/div>\n\n\t\t\n\n\t\t<div class=\"section-content relative\">\n\t\t\t\n<div class=\"row\"  id=\"row-624535214\">\n\n\t<div id=\"col-1905721744\" class=\"col small-12 large-12\"  >\n\t\t\t\t<div class=\"col-inner\"  >\n\t\t\t\n\t\t\t\n<h2 class=\"HistoryGrowth-title\" style=\"text-align: center;\">MISSION<\/h2>\n<p><span style=\"font-weight: 400;\">PASSEDU strives to contribute to building a generation of <\/span><span style=\"font-weight: 400;\">Vietnamese students who are accurately oriented in their careers, <\/span><span style=\"font-weight: 400;\">and who develop knowledge, skills, and global competitiveness.<\/span><\/p>\n<ul>\n<li><span style=\"font-weight: 400;\"> Provide specialized courses and high-quality short-term training programs that <\/span>meet international standards<\/li>\n<li><span style=\"font-weight: 400;\"> Deliver professional, comprehensive, and effective educational consulting services<\/span><\/li>\n<li><span style=\"font-weight: 400;\"> Offer strategic consulting, promotion, brand development, and enrollment <\/span>support for partners in the Vietnamese market<\/li>\n<li><span style=\"font-weight: 400;\"> Connect businesses to create employment opportunities for students <\/span>after returning to Vietnam<\/li>\n<\/ul>\n<p>\u00a0<\/p>\n<h2 style=\"text-align: center;\">ACHIEVEMENTS OF PASSEDU<\/h2>\n<div class=\"row\"  id=\"row-253220892\">\n\n\t<div id=\"col-340506138\" class=\"col medium-4 small-12 large-4\"  >\n\t\t\t\t<div class=\"col-inner\"  >\n\t\t\t\n\t\t\t\n\n\t\t<div class=\"icon-box featured-box icon-box-center text-center\"  >\n\t\t\t\t\t<div class=\"icon-box-img\" style=\"width: 60px\">\n\t\t\t\t<div class=\"icon\">\n\t\t\t\t\t<div class=\"icon-inner\" >\n\t\t\t\t\t\t<img loading=\"lazy\" decoding=\"async\" width=\"1001\" height=\"1000\" src=\"https:\/\/passedu.vn\/wp-content\/uploads\/2023\/09\/1e18fd2be51c72e28c41178e67a360f18569990d.png\" class=\"attachment-medium size-medium\" alt=\"\" srcset=\"https:\/\/passedu.vn\/wp-content\/uploads\/2023\/09\/1e18fd2be51c72e28c41178e67a360f18569990d.png 1001w, https:\/\/passedu.vn\/wp-content\/uploads\/2023\/09\/1e18fd2be51c72e28c41178e67a360f18569990d-768x767.png 768w, https:\/\/passedu.vn\/wp-content\/uploads\/2023\/09\/1e18fd2be51c72e28c41178e67a360f18569990d-150x150.png 150w, https:\/\/passedu.vn\/wp-content\/uploads\/2023\/09\/1e18fd2be51c72e28c41178e67a360f18569990d-510x509.png 510w, https:\/\/passedu.vn\/wp-content\/uploads\/2023\/09\/1e18fd2be51c72e28c41178e67a360f18569990d-100x100.png 100w\" sizes=\"auto, (max-width: 1001px) 100vw, 1001px\" \/>\t\t\t\t\t<\/div>\n\t\t\t\t<\/div>\n\t\t\t<\/div>\n\t\t\t\t<div class=\"icon-box-text last-reset\">\n\t\t\t\t\t\t\t\t\t\n<h3>100% visa successed<br \/>\n<\/h3>\n<p>100% visa approval rate \u2013 one of the clearest proofs affirming PASSEDU\u2019s current position and success.<\/p>\n\t\t<\/div>\n\t<\/div>\n\t\n\t\n\t\t<\/div>\n\t\t\t\t\t<\/div>\n\n\t\n\n\t<div id=\"col-1565331325\" class=\"col medium-4 small-12 large-4\"  >\n\t\t\t\t<div class=\"col-inner\"  >\n\t\t\t\n\t\t\t\n\n\t\t<div class=\"icon-box featured-box icon-box-center text-center\"  >\n\t\t\t\t\t<div class=\"icon-box-img\" style=\"width: 60px\">\n\t\t\t\t<div class=\"icon\">\n\t\t\t\t\t<div class=\"icon-inner\" >\n\t\t\t\t\t\t<img loading=\"lazy\" decoding=\"async\" width=\"1001\" height=\"1000\" src=\"https:\/\/passedu.vn\/wp-content\/uploads\/2023\/09\/c0c0ae7fec55d724bcad7c3aaa5f9e26080ecd30.png\" class=\"attachment-medium size-medium\" alt=\"\" srcset=\"https:\/\/passedu.vn\/wp-content\/uploads\/2023\/09\/c0c0ae7fec55d724bcad7c3aaa5f9e26080ecd30.png 1001w, https:\/\/passedu.vn\/wp-content\/uploads\/2023\/09\/c0c0ae7fec55d724bcad7c3aaa5f9e26080ecd30-768x767.png 768w, https:\/\/passedu.vn\/wp-content\/uploads\/2023\/09\/c0c0ae7fec55d724bcad7c3aaa5f9e26080ecd30-150x150.png 150w, https:\/\/passedu.vn\/wp-content\/uploads\/2023\/09\/c0c0ae7fec55d724bcad7c3aaa5f9e26080ecd30-510x509.png 510w, https:\/\/passedu.vn\/wp-content\/uploads\/2023\/09\/c0c0ae7fec55d724bcad7c3aaa5f9e26080ecd30-100x100.png 100w\" sizes=\"auto, (max-width: 1001px) 100vw, 1001px\" \/>\t\t\t\t\t<\/div>\n\t\t\t\t<\/div>\n\t\t\t<\/div>\n\t\t\t\t<div class=\"icon-box-text last-reset\">\n\t\t\t\t\t\t\t\t\t\n<h3>2500 partners<br \/>\n<\/h3>\n<p>The company is currently a partner of more than 2,500 schools in countries such as the UK, Australia, USA, Canada, Singapore, the Netherlands, Ireland,... offering a wide range of programs from high school and foundation courses to Bachelor\u2019s and Master\u2019s degrees. In addition, PASSEDU has also expanded its cooperation with renowned international education groups and organizations such as INTO, CEG, Adventus, Kaplan, Shorelight, OIEG, Study Group, Navitas, and others.<\/p>\n\t\t<\/div>\n\t<\/div>\n\t\n\t\n\t\t<\/div>\n\t\t\t\t\t<\/div>\n\n\t\n\n\t<div id=\"col-1400156733\" class=\"col medium-4 small-12 large-4\"  >\n\t\t\t\t<div class=\"col-inner\"  >\n\t\t\t\n\t\t\t\n\n\t\t<div class=\"icon-box featured-box icon-box-center text-center\"  >\n\t\t\t\t\t<div class=\"icon-box-img\" style=\"width: 60px\">\n\t\t\t\t<div class=\"icon\">\n\t\t\t\t\t<div class=\"icon-inner\" >\n\t\t\t\t\t\t<img loading=\"lazy\" decoding=\"async\" width=\"1000\" height=\"1000\" src=\"https:\/\/passedu.vn\/wp-content\/uploads\/2023\/09\/7677872383d4a0c8f93785c642a6729938a186c8.png\" class=\"attachment-medium size-medium\" alt=\"\" srcset=\"https:\/\/passedu.vn\/wp-content\/uploads\/2023\/09\/7677872383d4a0c8f93785c642a6729938a186c8.png 1000w, https:\/\/passedu.vn\/wp-content\/uploads\/2023\/09\/7677872383d4a0c8f93785c642a6729938a186c8-768x768.png 768w, https:\/\/passedu.vn\/wp-content\/uploads\/2023\/09\/7677872383d4a0c8f93785c642a6729938a186c8-150x150.png 150w, https:\/\/passedu.vn\/wp-content\/uploads\/2023\/09\/7677872383d4a0c8f93785c642a6729938a186c8-510x510.png 510w, https:\/\/passedu.vn\/wp-content\/uploads\/2023\/09\/7677872383d4a0c8f93785c642a6729938a186c8-100x100.png 100w\" sizes=\"auto, (max-width: 1000px) 100vw, 1000px\" \/>\t\t\t\t\t<\/div>\n\t\t\t\t<\/div>\n\t\t\t<\/div>\n\t\t\t\t<div class=\"icon-box-text last-reset\">\n\t\t\t\t\t\t\t\t\t\n<h3>130 billion VND in scholarships<br \/>\n<\/h3>\n<p>With many years of experience in study abroad consulting, international cooperation, and training, PASSEDU\u2019s experts have accompanied more than 1,200 students with scholarships worth a total of 130 billion VND.<\/p>\n\t\t<\/div>\n\t<\/div>\n\t\n\t\n\t\t<\/div>\n\t\t\t\t\t<\/div>\n\n\t\n<\/div>\n\t\t<\/div>\n\t\t\t\t\t<\/div>\n\n\t\n<\/div>\n\t\t<\/div>\n\n\t\t\n<style>\n#section_1094393350 {\n  padding-top: 30px;\n  padding-bottom: 30px;\n}\n#section_1094393350 .ux-shape-divider--top svg {\n  height: 150px;\n  --divider-top-width: 100%;\n}\n#section_1094393350 .ux-shape-divider--bottom svg {\n  height: 150px;\n  --divider-width: 100%;\n}\n<\/style>\n\t<\/section>","protected":false},"excerpt":{"rendered":"","protected":false},"author":1,"featured_media":0,"parent":0,"menu_order":0,"comment_status":"closed","ping_status":"closed","template":"page-blank.php","meta":{"footnotes":""},"class_list":["post-165","page","type-page","status-publish","hentry"],"yoast_head":"<!-- This site is optimized with the Yoast SEO Premium plugin v19.0.1 (Yoast SEO v25.3.1) - https:\/\/yoast.com\/wordpress\/plugins\/seo\/ -->\n<title>Gi\u1edbi thi\u1ec7u - Du h\u1ecdc PASSEDU<\/title>\n<meta name=\"description\" content=\"Du h\u1ecdc PASSEDU \u0111\u01b0\u1ee3c th\u00e0nh l\u1eadp n\u0103m 2020 b\u1edfi nh\u1eefng chuy\u00ean gia c\u00f3 nhi\u1ec1u n\u0103m kinh nghi\u1ec7m trong l\u0129nh v\u1ef1c t\u01b0 v\u1ea5n du h\u1ecdc, h\u1ee3p t\u00e1c v\u00e0 \u0111\u00e0o t\u1ea1o qu\u1ed1c t\u1ebf.\" \/>\n<meta name=\"robots\" content=\"index, follow, max-snippet:-1, max-image-preview:large, max-video-preview:-1\" \/>\n<link rel=\"canonical\" href=\"https:\/\/passedu.vn\/en\/gioi-thieu-passedu\/\" \/>\n<meta property=\"og:locale\" content=\"en_US\" \/>\n<meta property=\"og:type\" content=\"article\" \/>\n<meta property=\"og:title\" content=\"Gi\u1edbi thi\u1ec7u\" \/>\n<meta property=\"og:description\" content=\"Du h\u1ecdc PASSEDU \u0111\u01b0\u1ee3c th\u00e0nh l\u1eadp n\u0103m 2020 b\u1edfi nh\u1eefng chuy\u00ean gia c\u00f3 nhi\u1ec1u n\u0103m kinh nghi\u1ec7m trong l\u0129nh v\u1ef1c t\u01b0 v\u1ea5n du h\u1ecdc, h\u1ee3p t\u00e1c v\u00e0 \u0111\u00e0o t\u1ea1o qu\u1ed1c t\u1ebf.\" \/>\n<meta property=\"og:url\" content=\"https:\/\/passedu.vn\/en\/gioi-thieu-passedu\/\" \/>\n<meta property=\"og:site_name\" content=\"Du h\u1ecdc PASSEDU\" \/>\n<meta property=\"article:publisher\" content=\"https:\/\/web.facebook.com\/duchocpassedu\/\" \/>\n<meta property=\"article:modified_time\" content=\"2024-11-26T10:22:17+00:00\" \/>\n<meta name=\"twitter:card\" content=\"summary_large_image\" \/>\n<meta name=\"twitter:label1\" content=\"Est. reading time\" \/>\n\t<meta name=\"twitter:data1\" content=\"3 minutes\" \/>\n<script type=\"application\/ld+json\" class=\"yoast-schema-graph\">{\"@context\":\"https:\/\/schema.org\",\"@graph\":[{\"@type\":\"WebPage\",\"@id\":\"https:\/\/passedu.vn\/gioi-thieu-passedu\",\"url\":\"https:\/\/passedu.vn\/gioi-thieu-passedu\",\"name\":\"Gi\u1edbi thi\u1ec7u - Du h\u1ecdc PASSEDU\",\"isPartOf\":{\"@id\":\"https:\/\/passedu.vn\/#website\"},\"datePublished\":\"2023-09-07T04:51:30+00:00\",\"dateModified\":\"2024-11-26T10:22:17+00:00\",\"description\":\"Du h\u1ecdc PASSEDU \u0111\u01b0\u1ee3c th\u00e0nh l\u1eadp n\u0103m 2020 b\u1edfi nh\u1eefng chuy\u00ean gia c\u00f3 nhi\u1ec1u n\u0103m kinh nghi\u1ec7m trong l\u0129nh v\u1ef1c t\u01b0 v\u1ea5n du h\u1ecdc, h\u1ee3p t\u00e1c v\u00e0 \u0111\u00e0o t\u1ea1o qu\u1ed1c t\u1ebf.\",\"breadcrumb\":{\"@id\":\"https:\/\/passedu.vn\/gioi-thieu-passedu#breadcrumb\"},\"inLanguage\":\"en-US\",\"potentialAction\":[{\"@type\":\"ReadAction\",\"target\":[\"https:\/\/passedu.vn\/gioi-thieu-passedu\"]}]},{\"@type\":\"BreadcrumbList\",\"@id\":\"https:\/\/passedu.vn\/gioi-thieu-passedu#breadcrumb\",\"itemListElement\":[{\"@type\":\"ListItem\",\"position\":1,\"name\":\"Home\",\"item\":\"https:\/\/passedu.vn\/\"},{\"@type\":\"ListItem\",\"position\":2,\"name\":\"Gi\u1edbi thi\u1ec7u\"}]},{\"@type\":\"WebSite\",\"@id\":\"https:\/\/passedu.vn\/#website\",\"url\":\"https:\/\/passedu.vn\/\",\"name\":\"Du h\u1ecdc PASSEDU\",\"description\":\"\",\"publisher\":{\"@id\":\"https:\/\/passedu.vn\/#organization\"},\"potentialAction\":[{\"@type\":\"SearchAction\",\"target\":{\"@type\":\"EntryPoint\",\"urlTemplate\":\"https:\/\/passedu.vn\/?s={search_term_string}\"},\"query-input\":{\"@type\":\"PropertyValueSpecification\",\"valueRequired\":true,\"valueName\":\"search_term_string\"}}],\"inLanguage\":\"en-US\"},{\"@type\":\"Organization\",\"@id\":\"https:\/\/passedu.vn\/#organization\",\"name\":\"Du h\u1ecdc PASSEDU\",\"url\":\"https:\/\/passedu.vn\/\",\"logo\":{\"@type\":\"ImageObject\",\"inLanguage\":\"en-US\",\"@id\":\"https:\/\/passedu.vn\/#\/schema\/logo\/image\/\",\"url\":\"https:\/\/passedu.vn\/wp-content\/uploads\/2024\/11\/cropped-PASSEDU-01.jpg\",\"contentUrl\":\"https:\/\/passedu.vn\/wp-content\/uploads\/2024\/11\/cropped-PASSEDU-01.jpg\",\"width\":512,\"height\":512,\"caption\":\"Du h\u1ecdc PASSEDU\"},\"image\":{\"@id\":\"https:\/\/passedu.vn\/#\/schema\/logo\/image\/\"},\"sameAs\":[\"https:\/\/web.facebook.com\/duchocpassedu\/\"]}]}<\/script>\n<!-- \/ Yoast SEO Premium plugin. -->","yoast_head_json":{"title":"Gi\u1edbi thi\u1ec7u - Du h\u1ecdc PASSEDU","description":"Du h\u1ecdc PASSEDU \u0111\u01b0\u1ee3c th\u00e0nh l\u1eadp n\u0103m 2020 b\u1edfi nh\u1eefng chuy\u00ean gia c\u00f3 nhi\u1ec1u n\u0103m kinh nghi\u1ec7m trong l\u0129nh v\u1ef1c t\u01b0 v\u1ea5n du h\u1ecdc, h\u1ee3p t\u00e1c v\u00e0 \u0111\u00e0o t\u1ea1o qu\u1ed1c t\u1ebf.","robots":{"index":"index","follow":"follow","max-snippet":"max-snippet:-1","max-image-preview":"max-image-preview:large","max-video-preview":"max-video-preview:-1"},"canonical":"https:\/\/passedu.vn\/en\/gioi-thieu-passedu\/","og_locale":"en_US","og_type":"article","og_title":"Gi\u1edbi thi\u1ec7u","og_description":"Du h\u1ecdc PASSEDU \u0111\u01b0\u1ee3c th\u00e0nh l\u1eadp n\u0103m 2020 b\u1edfi nh\u1eefng chuy\u00ean gia c\u00f3 nhi\u1ec1u n\u0103m kinh nghi\u1ec7m trong l\u0129nh v\u1ef1c t\u01b0 v\u1ea5n du h\u1ecdc, h\u1ee3p t\u00e1c v\u00e0 \u0111\u00e0o t\u1ea1o qu\u1ed1c t\u1ebf.","og_url":"https:\/\/passedu.vn\/en\/gioi-thieu-passedu\/","og_site_name":"Du h\u1ecdc PASSEDU","article_publisher":"https:\/\/web.facebook.com\/duchocpassedu\/","article_modified_time":"2024-11-26T10:22:17+00:00","twitter_card":"summary_large_image","twitter_misc":{"Est. reading time":"3 minutes"},"schema":{"@context":"https:\/\/schema.org","@graph":[{"@type":"WebPage","@id":"https:\/\/passedu.vn\/gioi-thieu-passedu","url":"https:\/\/passedu.vn\/gioi-thieu-passedu","name":"Gi\u1edbi thi\u1ec7u - Du h\u1ecdc PASSEDU","isPartOf":{"@id":"https:\/\/passedu.vn\/#website"},"datePublished":"2023-09-07T04:51:30+00:00","dateModified":"2024-11-26T10:22:17+00:00","description":"Du h\u1ecdc PASSEDU \u0111\u01b0\u1ee3c th\u00e0nh l\u1eadp n\u0103m 2020 b\u1edfi nh\u1eefng chuy\u00ean gia c\u00f3 nhi\u1ec1u n\u0103m kinh nghi\u1ec7m trong l\u0129nh v\u1ef1c t\u01b0 v\u1ea5n du h\u1ecdc, h\u1ee3p t\u00e1c v\u00e0 \u0111\u00e0o t\u1ea1o qu\u1ed1c t\u1ebf.","breadcrumb":{"@id":"https:\/\/passedu.vn\/gioi-thieu-passedu#breadcrumb"},"inLanguage":"en-US","potentialAction":[{"@type":"ReadAction","target":["https:\/\/passedu.vn\/gioi-thieu-passedu"]}]},{"@type":"BreadcrumbList","@id":"https:\/\/passedu.vn\/gioi-thieu-passedu#breadcrumb","itemListElement":[{"@type":"ListItem","position":1,"name":"Home","item":"https:\/\/passedu.vn\/"},{"@type":"ListItem","position":2,"name":"Gi\u1edbi thi\u1ec7u"}]},{"@type":"WebSite","@id":"https:\/\/passedu.vn\/#website","url":"https:\/\/passedu.vn\/","name":"Du h\u1ecdc PASSEDU","description":"","publisher":{"@id":"https:\/\/passedu.vn\/#organization"},"potentialAction":[{"@type":"SearchAction","target":{"@type":"EntryPoint","urlTemplate":"https:\/\/passedu.vn\/?s={search_term_string}"},"query-input":{"@type":"PropertyValueSpecification","valueRequired":true,"valueName":"search_term_string"}}],"inLanguage":"en-US"},{"@type":"Organization","@id":"https:\/\/passedu.vn\/#organization","name":"Du h\u1ecdc PASSEDU","url":"https:\/\/passedu.vn\/","logo":{"@type":"ImageObject","inLanguage":"en-US","@id":"https:\/\/passedu.vn\/#\/schema\/logo\/image\/","url":"https:\/\/passedu.vn\/wp-content\/uploads\/2024\/11\/cropped-PASSEDU-01.jpg","contentUrl":"https:\/\/passedu.vn\/wp-content\/uploads\/2024\/11\/cropped-PASSEDU-01.jpg","width":512,"height":512,"caption":"Du h\u1ecdc PASSEDU"},"image":{"@id":"https:\/\/passedu.vn\/#\/schema\/logo\/image\/"},"sameAs":["https:\/\/web.facebook.com\/duchocpassedu\/"]}]}},"_links":{"self":[{"href":"https:\/\/passedu.vn\/en\/wp-json\/wp\/v2\/pages\/165","targetHints":{"allow":["GET"]}}],"collection":[{"href":"https:\/\/passedu.vn\/en\/wp-json\/wp\/v2\/pages"}],"about":[{"href":"https:\/\/passedu.vn\/en\/wp-json\/wp\/v2\/types\/page"}],"author":[{"embeddable":true,"href":"https:\/\/passedu.vn\/en\/wp-json\/wp\/v2\/users\/1"}],"replies":[{"embeddable":true,"href":"https:\/\/passedu.vn\/en\/wp-json\/wp\/v2\/comments?post=165"}],"version-history":[{"count":22,"href":"https:\/\/passedu.vn\/en\/wp-json\/wp\/v2\/pages\/165\/revisions"}],"predecessor-version":[{"id":1276,"href":"https:\/\/passedu.vn\/en\/wp-json\/wp\/v2\/pages\/165\/revisions\/1276"}],"wp:attachment":[{"href":"https:\/\/passedu.vn\/en\/wp-json\/wp\/v2\/media?parent=165"}],"curies":[{"name":"wp","href":"https:\/\/api.w.org\/{rel}","templated":true}]}}