{"id":16,"date":"2023-03-04T01:04:09","date_gmt":"2023-03-04T01:04:09","guid":{"rendered":"https:\/\/maixepsaigon24h.com\/?page_id=16"},"modified":"2025-04-14T06:50:24","modified_gmt":"2025-04-14T06:50:24","slug":"lien-he","status":"publish","type":"page","link":"https:\/\/passedu.vn\/en\/lien-he","title":{"rendered":"CONTACT"},"content":{"rendered":"<div class=\"banner has-hover\" id=\"banner-1729485023\">\n          <div class=\"banner-inner fill\">\n        <div class=\"banner-bg fill\" >\n            <div class=\"bg fill bg-fill\"><\/div>\n                        <div class=\"overlay\"><\/div>            \n                    <\/div>\n\t\t\n        <div class=\"banner-layers container\">\n            <div class=\"fill banner-link\"><\/div>            \n   <div id=\"text-box-1986382912\" class=\"text-box banner-layer x50 md-x50 lg-x50 y50 md-y50 lg-y50 res-text\">\n                                <div class=\"text-box-content text dark\">\n              \n              <div class=\"text-inner text-center\">\n                  \n<h1 class=\"uppercase\"><strong>CONTACT<\/strong><\/h1>\n<p>No matter who you are \u2014 a parent searching for the right school for your child, or a student feeling uncertain about scholarships, visas, or study abroad procedures \u2014 don\u2019t hesitate to get in touch with us. Whether you\u2019re seeking guidance or looking to partner with us, we\u2019re here to help.<\/p>\n              <\/div>\n           <\/div>\n                            \n<style>\n#text-box-1986382912 {\n  width: 100%;\n}\n#text-box-1986382912 .text-box-content {\n  font-size: 100%;\n}\n<\/style>\n    <\/div>\n \n        <\/div>\n      <\/div>\n\n            \n<style>\n#banner-1729485023 {\n  padding-top: 500px;\n}\n#banner-1729485023 .bg.bg-loaded {\n  background-image: url(https:\/\/passedu.vn\/wp-content\/uploads\/2023\/09\/han-quoc.png);\n}\n#banner-1729485023 .overlay {\n  background-color: rgba(0, 0, 0, 0.32);\n}\n#banner-1729485023 .ux-shape-divider--top svg {\n  height: 150px;\n  --divider-top-width: 100%;\n}\n#banner-1729485023 .ux-shape-divider--bottom svg {\n  height: 150px;\n  --divider-width: 100%;\n}\n<\/style>\n  <\/div>\n\n\n<div class=\"row row-box-shadow-2\"  id=\"row-1057277389\">\n\n\t<div id=\"col-417199286\" class=\"col medium-6 small-12 large-6\"  >\n\t\t\t\t<div class=\"col-inner text-center\"  >\n\t\t\t\n\t\t\t\n\n\t\t<div class=\"icon-box featured-box icon-box-center text-center\"  >\n\t\t\t\t\t<div class=\"icon-box-img\" style=\"width: 60px\">\n\t\t\t\t<div class=\"icon\">\n\t\t\t\t\t<div class=\"icon-inner\" >\n\t\t\t\t\t\t<img loading=\"lazy\" decoding=\"async\" width=\"300\" height=\"300\" src=\"https:\/\/passedu.vn\/wp-content\/uploads\/2023\/09\/icon-call.webp\" class=\"attachment-medium size-medium\" alt=\"\" srcset=\"https:\/\/passedu.vn\/wp-content\/uploads\/2023\/09\/icon-call.webp 300w, https:\/\/passedu.vn\/wp-content\/uploads\/2023\/09\/icon-call-150x150.webp 150w, https:\/\/passedu.vn\/wp-content\/uploads\/2023\/09\/icon-call-100x100.webp 100w\" sizes=\"auto, (max-width: 300px) 100vw, 300px\" \/>\t\t\t\t\t<\/div>\n\t\t\t\t<\/div>\n\t\t\t<\/div>\n\t\t\t\t<div class=\"icon-box-text last-reset\">\n\t\t\t\t\t\t\t\t\t\n<h2>Consultation Hotline<\/h2>\n\t<div id=\"gap-1994580801\" class=\"gap-element clearfix\" style=\"display:block; height:auto;\">\n\t\t\n<style>\n#gap-1994580801 {\n  padding-top: 20px;\n}\n<\/style>\n\t<\/div>\n\t\n<a href=\"tel:0886286348\" target=\"_self\" class=\"button primary\"  style=\"border-radius:6px;\">\n  <i class=\"icon-phone\" aria-hidden=\"true\" ><\/i>  <span>088 628 6348<\/span>\n  <\/a>\n\n\t\t<\/div>\n\t<\/div>\n\t\n\t\n\t\t<\/div>\n\t\t\t\t\t<\/div>\n\n\t\n\n\t<div id=\"col-2107992289\" class=\"col medium-6 small-12 large-6\"  >\n\t\t\t\t<div class=\"col-inner\"  >\n\t\t\t\n\t\t\t\n\n\t\t<div class=\"icon-box featured-box icon-box-center text-center\"  >\n\t\t\t\t\t<div class=\"icon-box-img\" style=\"width: 60px\">\n\t\t\t\t<div class=\"icon\">\n\t\t\t\t\t<div class=\"icon-inner\" >\n\t\t\t\t\t\t<img loading=\"lazy\" decoding=\"async\" width=\"300\" height=\"300\" src=\"https:\/\/passedu.vn\/wp-content\/uploads\/2023\/09\/icon-chat.webp\" class=\"attachment-medium size-medium\" alt=\"\" srcset=\"https:\/\/passedu.vn\/wp-content\/uploads\/2023\/09\/icon-chat.webp 300w, https:\/\/passedu.vn\/wp-content\/uploads\/2023\/09\/icon-chat-150x150.webp 150w, https:\/\/passedu.vn\/wp-content\/uploads\/2023\/09\/icon-chat-100x100.webp 100w\" sizes=\"auto, (max-width: 300px) 100vw, 300px\" \/>\t\t\t\t\t<\/div>\n\t\t\t\t<\/div>\n\t\t\t<\/div>\n\t\t\t\t<div class=\"icon-box-text last-reset\">\n\t\t\t\t\t\t\t\t\t\n<h2>Online Counseling<\/h2>\n\t<div id=\"gap-1300496456\" class=\"gap-element clearfix\" style=\"display:block; height:auto;\">\n\t\t\n<style>\n#gap-1300496456 {\n  padding-top: 20px;\n}\n<\/style>\n\t<\/div>\n\t\n<a rel=\"noopener noreferrer\" href=\"https:\/\/www.facebook.com\/profile.php?id=100089727896186\" target=\"_blank\" class=\"button primary\"  style=\"border-radius:6px;\">\n    <span>T\u01b0 v\u1ea5n ngay<\/span>\n  <\/a>\n\n\t\t<\/div>\n\t<\/div>\n\t\n\t\n\t\t<\/div>\n\t\t\t\t\t<\/div>\n\n\t\n\n<style>\n#row-1057277389 > .col > .col-inner {\n  padding: 15px 0px 25px 0px;\n}\n<\/style>\n<\/div>\n<div class=\"row align-equal row-box-shadow-2\"  id=\"row-753861367\">\n\n\t<div id=\"col-1558771217\" class=\"col medium-6 small-12 large-6\"  >\n\t\t\t\t<div class=\"col-inner\"  >\n\t\t\t\n\t\t\t\n<h3>PASSEDU CONSULTING AND EDUCATION CO., LTD<\/h3>\n<p class=\" translation-block\">Address: 5th Floor \u2013 66 Tran Dai Nghia Street, Hai Ba Trung District, Hanoi<\/p>\n<p><i class=\"fa fa-phone\" aria-hidden=\"true\"><\/i><strong> Hotline:<\/strong> 088 628 6348<\/p>\n<p><i class=\"fa fa-envelope-o\" aria-hidden=\"true\"><\/i><strong> Email:\u00a0<\/strong>support@passedu.vn<\/p>\n<p><i class=\"fa fa-globe\" aria-hidden=\"true\"><\/i><strong> Website:\u00a0<\/strong>http:\/\/passedu.vn<\/p>\n\t\t<\/div>\n\t\t\t\t\t<\/div>\n\n\t\n\n\t<div id=\"col-723572574\" class=\"col medium-6 small-12 large-6\"  >\n\t\t\t\t<div class=\"col-inner\"  >\n\t\t\t\n\t\t\t\n<p style=\"text-align: center;\"><strong>For all inquiries, please kindly fill out the contact form below:<\/strong><\/p>\n\n<div class=\"wpcf7 no-js\" id=\"wpcf7-f32-o1\" lang=\"vi\" dir=\"ltr\" data-wpcf7-id=\"32\">\n<div class=\"screen-reader-response\"><p role=\"status\" aria-live=\"polite\" aria-atomic=\"true\"><\/p> <ul><\/ul><\/div>\n<form action=\"\/en\/wp-json\/wp\/v2\/pages\/16#wpcf7-f32-o1\" method=\"post\" class=\"wpcf7-form init\" aria-label=\"Form li\u00ean h\u1ec7\" novalidate=\"novalidate\" data-status=\"init\" data-trp-original-action=\"\/en\/wp-json\/wp\/v2\/pages\/16#wpcf7-f32-o1\">\n<div style=\"display: none;\">\n<input type=\"hidden\" name=\"_wpcf7\" value=\"32\" \/>\n<input type=\"hidden\" name=\"_wpcf7_version\" value=\"6.0.6\" \/>\n<input type=\"hidden\" name=\"_wpcf7_locale\" value=\"vi\" \/>\n<input type=\"hidden\" name=\"_wpcf7_unit_tag\" value=\"wpcf7-f32-o1\" \/>\n<input type=\"hidden\" name=\"_wpcf7_container_post\" value=\"0\" \/>\n<input type=\"hidden\" name=\"_wpcf7_posted_data_hash\" value=\"\" \/>\n<\/div>\n<div class=\"s1\">\n\t<p><span class=\"wpcf7-form-control-wrap\" data-name=\"text-389\"><input size=\"40\" maxlength=\"400\" class=\"wpcf7-form-control wpcf7-text\" aria-invalid=\"false\" placeholder=\"Full Name\" value=\"\" type=\"text\" name=\"text-389\" \/><\/span><br \/>\n<span class=\"wpcf7-form-control-wrap\" data-name=\"tel-678\"><input size=\"40\" maxlength=\"400\" class=\"wpcf7-form-control wpcf7-tel wpcf7-text wpcf7-validates-as-tel\" aria-invalid=\"false\" placeholder=\"Phone Number\" value=\"\" type=\"tel\" name=\"tel-678\" \/><\/span>\n\t<\/p>\n<\/div>\n<div class=\"s2\">\n\t<p><span class=\"wpcf7-form-control-wrap\" data-name=\"email-979\"><input size=\"40\" maxlength=\"400\" class=\"wpcf7-form-control wpcf7-email wpcf7-text wpcf7-validates-as-email\" aria-invalid=\"false\" placeholder=\"Email\" value=\"\" type=\"email\" name=\"email-979\" \/><\/span><br \/>\n<span class=\"wpcf7-form-control-wrap\" data-name=\"text-389\"><input size=\"40\" maxlength=\"400\" class=\"wpcf7-form-control wpcf7-text\" aria-invalid=\"false\" placeholder=\"The City\" value=\"\" type=\"text\" name=\"text-389\" \/><\/span>\n\t<\/p>\n<\/div>\n<div class=\"sla\">\n\t<p><input class=\"wpcf7-form-control wpcf7-submit has-spinner\" type=\"submit\" value=\"Submit\" \/>\n\t<\/p>\n\t<div class=\"Hotline\">\n\t\t<p>Hotline: 088 628 6348\n\t\t<\/p>\n\t<\/div>\n<\/div><div class=\"wpcf7-response-output\" aria-hidden=\"true\"><\/div>\n<input type=\"hidden\" name=\"trp-form-language\" value=\"en\"\/><\/form>\n<\/div>\n\n\t\t<\/div>\n\t\t\t\t\t<\/div>\n\n\t\n\n<style>\n#row-753861367 > .col > .col-inner {\n  padding: 60px 25px 0px 25px;\n}\n<\/style>\n<\/div>\n<div class=\"row row-box-shadow-2\"  id=\"row-1888576603\">\n\n\t<div id=\"col-896559330\" class=\"col small-12 large-12\"  >\n\t\t\t\t<div class=\"col-inner\"  >\n\t\t\t\n\t\t\t\n\t<div id=\"text-2261492348\" class=\"text\">\n\t\t\n<div style=\"overflow: hidden; resize: none; max-width: 100%; width: 10000px; height: 600px;\">\n<div id=\"embed-map-display\" style=\"height: 100%; width: 100%; max-width: 100%;\"><iframe style=\"height: 100%; width: 100%; border: 0;\" src=\"https:\/\/www.google.com\/maps\/embed\/v1\/place?q=66+Ph\u1ed1+Tr\u1ea7n+\u0110\u1ea1i+Ngh\u0129a,+\u0110\u1ed3ng+T\u00e2m,+Hai+B\u00e0+Tr\u01b0ng+District,+Hanoi,+Vietnam&amp;key=AIzaSyBFw0Qbyq9zTFTd-tUY6dZWTgaQzuU17R8\" frameborder=\"0\"><\/iframe><\/div>\n\t\t\n<style>\n#text-2261492348 {\n  font-size: 2.9rem;\n}\n<\/style>\n\t<\/div>\n\t\n\t\t<\/div>\n\t\t\t\t\t<\/div>\n\n\t\n<\/div>\n<\/div>","protected":false},"excerpt":{"rendered":"","protected":false},"author":1,"featured_media":0,"parent":0,"menu_order":0,"comment_status":"closed","ping_status":"closed","template":"page-blank.php","meta":{"footnotes":""},"class_list":["post-16","page","type-page","status-publish","hentry"],"yoast_head":"<!-- This site is optimized with the Yoast SEO Premium plugin v19.0.1 (Yoast SEO v25.3.1) - https:\/\/yoast.com\/wordpress\/plugins\/seo\/ -->\n<title>Li\u00ean h\u1ec7 - Du h\u1ecdc PASSEDU<\/title>\n<meta name=\"description\" content=\"Sinh vi\u00ean \u0111ang lo l\u1eafng ch\u01b0a bi\u1ebft s\u0103n h\u1ecdc b\u1ed5ng, hay b\u1ea1n mu\u1ed1n h\u1ee3p t\u00e1c, tr\u1edf th\u00e0nh th\u00e0nh vi\u00ean c\u1ee7a ch\u00fang t\u00f4i, \u0111\u1eebng ng\u1ea7n ng\u1ea1i li\u00ean h\u1ec7 v\u1edbi ch\u00fang t\u00f4i.\" \/>\n<meta name=\"robots\" content=\"index, follow, max-snippet:-1, max-image-preview:large, max-video-preview:-1\" \/>\n<link rel=\"canonical\" href=\"https:\/\/passedu.vn\/en\/lien-he\/\" \/>\n<meta property=\"og:locale\" content=\"en_US\" \/>\n<meta property=\"og:type\" content=\"article\" \/>\n<meta property=\"og:title\" content=\"Li\u00ean h\u1ec7\" \/>\n<meta property=\"og:description\" content=\"Sinh vi\u00ean \u0111ang lo l\u1eafng ch\u01b0a bi\u1ebft s\u0103n h\u1ecdc b\u1ed5ng, hay b\u1ea1n mu\u1ed1n h\u1ee3p t\u00e1c, tr\u1edf th\u00e0nh th\u00e0nh vi\u00ean c\u1ee7a ch\u00fang t\u00f4i, \u0111\u1eebng ng\u1ea7n ng\u1ea1i li\u00ean h\u1ec7 v\u1edbi ch\u00fang t\u00f4i.\" \/>\n<meta property=\"og:url\" content=\"https:\/\/passedu.vn\/en\/lien-he\/\" \/>\n<meta property=\"og:site_name\" content=\"Du h\u1ecdc PASSEDU\" \/>\n<meta property=\"article:publisher\" content=\"https:\/\/web.facebook.com\/duchocpassedu\/\" \/>\n<meta property=\"article:modified_time\" content=\"2025-04-14T06:50:24+00:00\" \/>\n<meta name=\"twitter:card\" content=\"summary_large_image\" \/>\n<meta name=\"twitter:label1\" content=\"Est. reading time\" \/>\n\t<meta name=\"twitter:data1\" content=\"2 minutes\" \/>\n<script type=\"application\/ld+json\" class=\"yoast-schema-graph\">{\"@context\":\"https:\/\/schema.org\",\"@graph\":[{\"@type\":\"WebPage\",\"@id\":\"https:\/\/passedu.vn\/lien-he\",\"url\":\"https:\/\/passedu.vn\/lien-he\",\"name\":\"Li\u00ean h\u1ec7 - Du h\u1ecdc PASSEDU\",\"isPartOf\":{\"@id\":\"https:\/\/passedu.vn\/#website\"},\"datePublished\":\"2023-03-04T01:04:09+00:00\",\"dateModified\":\"2025-04-14T06:50:24+00:00\",\"description\":\"Sinh vi\u00ean \u0111ang lo l\u1eafng ch\u01b0a bi\u1ebft s\u0103n h\u1ecdc b\u1ed5ng, hay b\u1ea1n mu\u1ed1n h\u1ee3p t\u00e1c, tr\u1edf th\u00e0nh th\u00e0nh vi\u00ean c\u1ee7a ch\u00fang t\u00f4i, \u0111\u1eebng ng\u1ea7n ng\u1ea1i li\u00ean h\u1ec7 v\u1edbi ch\u00fang t\u00f4i.\",\"breadcrumb\":{\"@id\":\"https:\/\/passedu.vn\/lien-he#breadcrumb\"},\"inLanguage\":\"en-US\",\"potentialAction\":[{\"@type\":\"ReadAction\",\"target\":[\"https:\/\/passedu.vn\/lien-he\"]}]},{\"@type\":\"BreadcrumbList\",\"@id\":\"https:\/\/passedu.vn\/lien-he#breadcrumb\",\"itemListElement\":[{\"@type\":\"ListItem\",\"position\":1,\"name\":\"Home\",\"item\":\"https:\/\/passedu.vn\/\"},{\"@type\":\"ListItem\",\"position\":2,\"name\":\"Li\u00ean h\u1ec7\"}]},{\"@type\":\"WebSite\",\"@id\":\"https:\/\/passedu.vn\/#website\",\"url\":\"https:\/\/passedu.vn\/\",\"name\":\"Du h\u1ecdc PASSEDU\",\"description\":\"\",\"publisher\":{\"@id\":\"https:\/\/passedu.vn\/#organization\"},\"potentialAction\":[{\"@type\":\"SearchAction\",\"target\":{\"@type\":\"EntryPoint\",\"urlTemplate\":\"https:\/\/passedu.vn\/?s={search_term_string}\"},\"query-input\":{\"@type\":\"PropertyValueSpecification\",\"valueRequired\":true,\"valueName\":\"search_term_string\"}}],\"inLanguage\":\"en-US\"},{\"@type\":\"Organization\",\"@id\":\"https:\/\/passedu.vn\/#organization\",\"name\":\"Du h\u1ecdc PASSEDU\",\"url\":\"https:\/\/passedu.vn\/\",\"logo\":{\"@type\":\"ImageObject\",\"inLanguage\":\"en-US\",\"@id\":\"https:\/\/passedu.vn\/#\/schema\/logo\/image\/\",\"url\":\"https:\/\/passedu.vn\/wp-content\/uploads\/2024\/11\/cropped-PASSEDU-01.jpg\",\"contentUrl\":\"https:\/\/passedu.vn\/wp-content\/uploads\/2024\/11\/cropped-PASSEDU-01.jpg\",\"width\":512,\"height\":512,\"caption\":\"Du h\u1ecdc PASSEDU\"},\"image\":{\"@id\":\"https:\/\/passedu.vn\/#\/schema\/logo\/image\/\"},\"sameAs\":[\"https:\/\/web.facebook.com\/duchocpassedu\/\"]}]}<\/script>\n<!-- \/ Yoast SEO Premium plugin. -->","yoast_head_json":{"title":"Li\u00ean h\u1ec7 - Du h\u1ecdc PASSEDU","description":"Sinh vi\u00ean \u0111ang lo l\u1eafng ch\u01b0a bi\u1ebft s\u0103n h\u1ecdc b\u1ed5ng, hay b\u1ea1n mu\u1ed1n h\u1ee3p t\u00e1c, tr\u1edf th\u00e0nh th\u00e0nh vi\u00ean c\u1ee7a ch\u00fang t\u00f4i, \u0111\u1eebng ng\u1ea7n ng\u1ea1i li\u00ean h\u1ec7 v\u1edbi ch\u00fang t\u00f4i.","robots":{"index":"index","follow":"follow","max-snippet":"max-snippet:-1","max-image-preview":"max-image-preview:large","max-video-preview":"max-video-preview:-1"},"canonical":"https:\/\/passedu.vn\/en\/lien-he\/","og_locale":"en_US","og_type":"article","og_title":"Li\u00ean h\u1ec7","og_description":"Sinh vi\u00ean \u0111ang lo l\u1eafng ch\u01b0a bi\u1ebft s\u0103n h\u1ecdc b\u1ed5ng, hay b\u1ea1n mu\u1ed1n h\u1ee3p t\u00e1c, tr\u1edf th\u00e0nh th\u00e0nh vi\u00ean c\u1ee7a ch\u00fang t\u00f4i, \u0111\u1eebng ng\u1ea7n ng\u1ea1i li\u00ean h\u1ec7 v\u1edbi ch\u00fang t\u00f4i.","og_url":"https:\/\/passedu.vn\/en\/lien-he\/","og_site_name":"Du h\u1ecdc PASSEDU","article_publisher":"https:\/\/web.facebook.com\/duchocpassedu\/","article_modified_time":"2025-04-14T06:50:24+00:00","twitter_card":"summary_large_image","twitter_misc":{"Est. reading time":"2 minutes"},"schema":{"@context":"https:\/\/schema.org","@graph":[{"@type":"WebPage","@id":"https:\/\/passedu.vn\/lien-he","url":"https:\/\/passedu.vn\/lien-he","name":"Li\u00ean h\u1ec7 - Du h\u1ecdc PASSEDU","isPartOf":{"@id":"https:\/\/passedu.vn\/#website"},"datePublished":"2023-03-04T01:04:09+00:00","dateModified":"2025-04-14T06:50:24+00:00","description":"Sinh vi\u00ean \u0111ang lo l\u1eafng ch\u01b0a bi\u1ebft s\u0103n h\u1ecdc b\u1ed5ng, hay b\u1ea1n mu\u1ed1n h\u1ee3p t\u00e1c, tr\u1edf th\u00e0nh th\u00e0nh vi\u00ean c\u1ee7a ch\u00fang t\u00f4i, \u0111\u1eebng ng\u1ea7n ng\u1ea1i li\u00ean h\u1ec7 v\u1edbi ch\u00fang t\u00f4i.","breadcrumb":{"@id":"https:\/\/passedu.vn\/lien-he#breadcrumb"},"inLanguage":"en-US","potentialAction":[{"@type":"ReadAction","target":["https:\/\/passedu.vn\/lien-he"]}]},{"@type":"BreadcrumbList","@id":"https:\/\/passedu.vn\/lien-he#breadcrumb","itemListElement":[{"@type":"ListItem","position":1,"name":"Home","item":"https:\/\/passedu.vn\/"},{"@type":"ListItem","position":2,"name":"Li\u00ean h\u1ec7"}]},{"@type":"WebSite","@id":"https:\/\/passedu.vn\/#website","url":"https:\/\/passedu.vn\/","name":"Du h\u1ecdc PASSEDU","description":"","publisher":{"@id":"https:\/\/passedu.vn\/#organization"},"potentialAction":[{"@type":"SearchAction","target":{"@type":"EntryPoint","urlTemplate":"https:\/\/passedu.vn\/?s={search_term_string}"},"query-input":{"@type":"PropertyValueSpecification","valueRequired":true,"valueName":"search_term_string"}}],"inLanguage":"en-US"},{"@type":"Organization","@id":"https:\/\/passedu.vn\/#organization","name":"Du h\u1ecdc PASSEDU","url":"https:\/\/passedu.vn\/","logo":{"@type":"ImageObject","inLanguage":"en-US","@id":"https:\/\/passedu.vn\/#\/schema\/logo\/image\/","url":"https:\/\/passedu.vn\/wp-content\/uploads\/2024\/11\/cropped-PASSEDU-01.jpg","contentUrl":"https:\/\/passedu.vn\/wp-content\/uploads\/2024\/11\/cropped-PASSEDU-01.jpg","width":512,"height":512,"caption":"Du h\u1ecdc PASSEDU"},"image":{"@id":"https:\/\/passedu.vn\/#\/schema\/logo\/image\/"},"sameAs":["https:\/\/web.facebook.com\/duchocpassedu\/"]}]}},"_links":{"self":[{"href":"https:\/\/passedu.vn\/en\/wp-json\/wp\/v2\/pages\/16","targetHints":{"allow":["GET"]}}],"collection":[{"href":"https:\/\/passedu.vn\/en\/wp-json\/wp\/v2\/pages"}],"about":[{"href":"https:\/\/passedu.vn\/en\/wp-json\/wp\/v2\/types\/page"}],"author":[{"embeddable":true,"href":"https:\/\/passedu.vn\/en\/wp-json\/wp\/v2\/users\/1"}],"replies":[{"embeddable":true,"href":"https:\/\/passedu.vn\/en\/wp-json\/wp\/v2\/comments?post=16"}],"version-history":[{"count":28,"href":"https:\/\/passedu.vn\/en\/wp-json\/wp\/v2\/pages\/16\/revisions"}],"predecessor-version":[{"id":1321,"href":"https:\/\/passedu.vn\/en\/wp-json\/wp\/v2\/pages\/16\/revisions\/1321"}],"wp:attachment":[{"href":"https:\/\/passedu.vn\/en\/wp-json\/wp\/v2\/media?parent=16"}],"curies":[{"name":"wp","href":"https:\/\/api.w.org\/{rel}","templated":true}]}}